{"id":890,"date":"2021-02-08T15:06:22","date_gmt":"2021-02-08T14:06:22","guid":{"rendered":"https:\/\/www.vastus.ltd\/?page_id=890"},"modified":"2021-02-15T13:40:07","modified_gmt":"2021-02-15T12:40:07","slug":"danke","status":"publish","type":"page","link":"https:\/\/vastus.ltd\/de\/danke\/","title":{"rendered":"Danke!"},"content":{"rendered":"<div class=\"wpb-content-wrapper\"><p>[vc_row][vc_column][vc_column_text]<\/p>\n<h3>Danke!<\/h3>\n<p>[\/vc_column_text][vc_empty_space][vc_column_text]Sehr geehrte\/r Interessentin\/Interessent,<\/p>\n<p>Vielen Dank, dass Sie sich an Vastus Ltd gewandt und das Kontaktformular ausgef\u00fcllt haben.<br \/>\nBitte beachten Sie, dass wir uns bem\u00fchen, Ihre Anfrage so schnell wie m\u00f6glich zu bearbeiten.<\/p>\n<p>Ihr Vastus Ltd. Team[\/vc_column_text][\/vc_column][\/vc_row]<\/p>\n<\/div>","protected":false},"excerpt":{"rendered":"<p>[vc_row][vc_column][vc_column_text] Danke! [\/vc_column_text][vc_empty_space][vc_column_text]Sehr geehrte\/r Interessentin\/Interessent, Vielen Dank, dass Sie sich an Vastus Ltd gewandt und das Kontaktformular ausgef\u00fcllt haben. Bitte beachten Sie, dass wir uns bem\u00fchen, Ihre Anfrage so schnell wie m\u00f6glich zu bearbeiten. Ihr Vastus Ltd. Team[\/vc_column_text][\/vc_column][\/vc_row]<\/p>\n","protected":false},"author":1,"featured_media":0,"parent":0,"menu_order":0,"comment_status":"closed","ping_status":"closed","template":"","meta":{"_joinchat":[],"footnotes":""},"class_list":["post-890","page","type-page","status-publish","hentry","description-off"],"translation":{"provider":"WPGlobus","version":"3.0.0","language":"de","enabled_languages":["en","de"],"languages":{"en":{"title":true,"content":true,"excerpt":false},"de":{"title":true,"content":true,"excerpt":false}}},"yoast_head":"<!-- This site is optimized with the Yoast SEO plugin v23.8 - https:\/\/yoast.com\/wordpress\/plugins\/seo\/ -->\n<title>Danke! - Vastus Ltd.<\/title>\n<meta name=\"robots\" content=\"index, follow, max-snippet:-1, max-image-preview:large, max-video-preview:-1\" \/>\n<link rel=\"canonical\" href=\"https:\/\/vastus.ltd\/danke\/\" \/>\n<meta property=\"og:locale\" content=\"de_DE\" \/>\n<meta property=\"og:type\" content=\"article\" \/>\n<meta property=\"og:title\" content=\"Danke! - Vastus Ltd.\" \/>\n<meta property=\"og:url\" content=\"https:\/\/vastus.ltd\/danke\/\" \/>\n<meta property=\"og:site_name\" content=\"Vastus Ltd.\" \/>\n<meta property=\"article:modified_time\" content=\"2021-02-15T12:40:07+00:00\" \/>\n<meta name=\"twitter:card\" content=\"summary_large_image\" \/>\n<meta name=\"twitter:label1\" content=\"Gesch\u00e4tzte Lesezeit\" \/>\n\t<meta name=\"twitter:data1\" content=\"1\u00a0Minute\" \/>\n<script type=\"application\/ld+json\" class=\"yoast-schema-graph\">{\"@context\":\"https:\/\/schema.org\",\"@graph\":[{\"@type\":\"WebPage\",\"@id\":\"https:\/\/vastus.ltd\/danke\/\",\"url\":\"https:\/\/vastus.ltd\/danke\/\",\"name\":\"Danke! - Vastus Ltd.\",\"isPartOf\":{\"@id\":\"https:\/\/vastus.ltd\/#website\"},\"datePublished\":\"2021-02-08T14:06:22+00:00\",\"dateModified\":\"2021-02-15T12:40:07+00:00\",\"breadcrumb\":{\"@id\":\"https:\/\/vastus.ltd\/danke\/#breadcrumb\"},\"inLanguage\":\"de\",\"potentialAction\":[{\"@type\":\"ReadAction\",\"target\":[\"https:\/\/vastus.ltd\/danke\/\"]}]},{\"@type\":\"BreadcrumbList\",\"@id\":\"https:\/\/vastus.ltd\/danke\/#breadcrumb\",\"itemListElement\":[{\"@type\":\"ListItem\",\"position\":1,\"name\":\"Startseite\",\"item\":\"https:\/\/vastus.ltd\/\"},{\"@type\":\"ListItem\",\"position\":2,\"name\":\"Thank you!\"}]},{\"@type\":\"WebSite\",\"@id\":\"https:\/\/vastus.ltd\/#website\",\"url\":\"https:\/\/vastus.ltd\/\",\"name\":\"Vastus Ltd.\",\"description\":\"\",\"potentialAction\":[{\"@type\":\"SearchAction\",\"target\":{\"@type\":\"EntryPoint\",\"urlTemplate\":\"https:\/\/vastus.ltd\/?s={search_term_string}\"},\"query-input\":{\"@type\":\"PropertyValueSpecification\",\"valueRequired\":true,\"valueName\":\"search_term_string\"}}],\"inLanguage\":\"de\"}]}<\/script>\n<!-- \/ Yoast SEO plugin. -->","yoast_head_json":{"title":"Danke! - Vastus Ltd.","robots":{"index":"index","follow":"follow","max-snippet":"max-snippet:-1","max-image-preview":"max-image-preview:large","max-video-preview":"max-video-preview:-1"},"canonical":"https:\/\/vastus.ltd\/danke\/","og_locale":"de_DE","og_type":"article","og_title":"Danke! - Vastus Ltd.","og_url":"https:\/\/vastus.ltd\/danke\/","og_site_name":"Vastus Ltd.","article_modified_time":"2021-02-15T12:40:07+00:00","twitter_card":"summary_large_image","twitter_misc":{"Gesch\u00e4tzte Lesezeit":"1\u00a0Minute"},"schema":{"@context":"https:\/\/schema.org","@graph":[{"@type":"WebPage","@id":"https:\/\/vastus.ltd\/danke\/","url":"https:\/\/vastus.ltd\/danke\/","name":"Danke! - Vastus Ltd.","isPartOf":{"@id":"https:\/\/vastus.ltd\/#website"},"datePublished":"2021-02-08T14:06:22+00:00","dateModified":"2021-02-15T12:40:07+00:00","breadcrumb":{"@id":"https:\/\/vastus.ltd\/danke\/#breadcrumb"},"inLanguage":"de","potentialAction":[{"@type":"ReadAction","target":["https:\/\/vastus.ltd\/danke\/"]}]},{"@type":"BreadcrumbList","@id":"https:\/\/vastus.ltd\/danke\/#breadcrumb","itemListElement":[{"@type":"ListItem","position":1,"name":"Startseite","item":"https:\/\/vastus.ltd\/"},{"@type":"ListItem","position":2,"name":"Thank you!"}]},{"@type":"WebSite","@id":"https:\/\/vastus.ltd\/#website","url":"https:\/\/vastus.ltd\/","name":"Vastus Ltd.","description":"","potentialAction":[{"@type":"SearchAction","target":{"@type":"EntryPoint","urlTemplate":"https:\/\/vastus.ltd\/?s={search_term_string}"},"query-input":{"@type":"PropertyValueSpecification","valueRequired":true,"valueName":"search_term_string"}}],"inLanguage":"de"}]}},"_links":{"self":[{"href":"https:\/\/vastus.ltd\/de\/wp-json\/wp\/v2\/pages\/890","targetHints":{"allow":["GET"]}}],"collection":[{"href":"https:\/\/vastus.ltd\/de\/wp-json\/wp\/v2\/pages"}],"about":[{"href":"https:\/\/vastus.ltd\/de\/wp-json\/wp\/v2\/types\/page"}],"author":[{"embeddable":true,"href":"https:\/\/vastus.ltd\/de\/wp-json\/wp\/v2\/users\/1"}],"replies":[{"embeddable":true,"href":"https:\/\/vastus.ltd\/de\/wp-json\/wp\/v2\/comments?post=890"}],"version-history":[{"count":33,"href":"https:\/\/vastus.ltd\/de\/wp-json\/wp\/v2\/pages\/890\/revisions"}],"predecessor-version":[{"id":1062,"href":"https:\/\/vastus.ltd\/de\/wp-json\/wp\/v2\/pages\/890\/revisions\/1062"}],"wp:attachment":[{"href":"https:\/\/vastus.ltd\/de\/wp-json\/wp\/v2\/media?parent=890"}],"curies":[{"name":"wp","href":"https:\/\/api.w.org\/{rel}","templated":true}]}}