{"id":446,"date":"2018-10-23T08:16:55","date_gmt":"2018-10-23T06:16:55","guid":{"rendered":"http:\/\/www.vastus.ltd\/?page_id=446"},"modified":"2021-02-28T16:41:30","modified_gmt":"2021-02-28T15:41:30","slug":"ueber-uns","status":"publish","type":"page","link":"https:\/\/vastus.ltd\/de\/ueber-uns\/","title":{"rendered":"\u00dcber uns"},"content":{"rendered":"<div class=\"wpb-content-wrapper\"><p>[vc_row][vc_column][vc_empty_space height=&#8221;150px&#8221;][\/vc_column][\/vc_row][vc_row][vc_column][vc_column_text]<\/p>\n<h1>\u00dcber uns<\/h1>\n<p>[\/vc_column_text][\/vc_column][\/vc_row][vc_row][vc_column][vc_column_text]Wir als Vastus LTD bieten seit vielen Jahren Dienstleistungen in Deutschland an. Wir haben immer sehr darauf geachtet, dass unsere Arbeit nach den h\u00f6chsten Energie- und Gesundheitsstandards ausgef\u00fchrt wird. Unser Motto &#8220;Wir bauen Ihr Zuhause&#8221; verlangt dies.<\/p>\n<p>An erster Stelle steht die Sicherheit Ihrer Familie. Um dies zu erreichen, verwenden wir nur Materialien von h\u00f6chster Qualit\u00e4t. Innen wie au\u00dfen, ob Metall oder Holz, W\u00e4rmed\u00e4mmung und Brandschutz, Decken, B\u00f6den und Wandmaterialien &#8211; alle erf\u00fcllen h\u00f6chste Anspr\u00fcche. Die Objekte werden nach genauesten statischen und architektonischen Berechnungen gebaut.[\/vc_column_text][\/vc_column][\/vc_row][vc_row][vc_column][vc_empty_space height=&#8221;150px&#8221;][\/vc_column][\/vc_row][vc_row][vc_column]\n\t\t\t<!-- START \u00dcber uns Eyecatcher REVOLUTION SLIDER 6.7.20 --><p class=\"rs-p-wp-fix\"><\/p>\n\t\t\t<rs-module-wrap id=\"rev_slider_12_1_wrapper\" data-source=\"gallery\" style=\"visibility:hidden;background:transparent;padding:0;\">\n\t\t\t\t<rs-module id=\"rev_slider_12_1\" style=\"\" data-version=\"6.7.20\">\n\t\t\t\t\t<rs-slides style=\"overflow: hidden; position: absolute;\">\n\t\t\t\t\t\t<rs-slide style=\"position: absolute;\" data-key=\"rs-23\" data-title=\"Slide\" data-anim=\"ms:1000;r:0;\" data-in=\"o:0;\" data-out=\"a:false;\">\n\t\t\t\t\t\t\t<img decoding=\"async\" src=\"\/\/vastus.ltd\/wp-content\/plugins\/revslider\/sr6\/assets\/assets\/dummy.png\" alt=\"\" title=\"Vastus-Immobilie-Drohnenaufnahme-03-1920&#215;1280\" width=\"1920\" height=\"1079\" class=\"rev-slidebg tp-rs-img rs-lazyload\" data-lazyload=\"\/\/vastus.ltd\/wp-content\/uploads\/2020\/08\/Vastus-Immobilie-Drohnenaufnahme-03-1920x1280-1.jpg\" data-parallax=\"15\" data-no-retina>\n<!--\n\t\t\t\t\t\t\t--><h2\n\t\t\t\t\t\t\t\tid=\"slider-12-slide-23-layer-2\" \n\t\t\t\t\t\t\t\tclass=\"rs-layer\"\n\t\t\t\t\t\t\t\tdata-type=\"text\"\n\t\t\t\t\t\t\t\tdata-color=\"#000000\"\n\t\t\t\t\t\t\t\tdata-rsp_ch=\"on\"\n\t\t\t\t\t\t\t\tdata-xy=\"x:c;y:330px;\"\n\t\t\t\t\t\t\t\tdata-text=\"w:normal;s:64;l:96;fw:500;\"\n\t\t\t\t\t\t\t\tdata-basealign=\"slide\"\n\t\t\t\t\t\t\t\tdata-padding=\"t:20;r:20;b:20;l:20;\"\n\t\t\t\t\t\t\t\tdata-frame_1=\"st:400;sp:600;\"\n\t\t\t\t\t\t\t\tdata-frame_999=\"o:0;st:w;\"\n\t\t\t\t\t\t\t\tstyle=\"z-index:9;background-color:rgba(255,255,255,0.55);font-family:'Roboto';text-transform:uppercase;\"\n\t\t\t\t\t\t\t>Kundenzufriedenheit ist f\u00fcr uns wichtig.  \n\t\t\t\t\t\t\t<\/h2><!--\n-->\t\t\t\t\t<\/rs-slide>\n\t\t\t\t\t<\/rs-slides>\n\t\t\t\t<\/rs-module>\n\t\t\t\t<script>\n\t\t\t\t\tsetREVStartSize({c: 'rev_slider_12_1',rl:[1240,1024,778,480],el:[1280],gw:[1920],gh:[1280],type:'standard',justify:'',layout:'fullscreen',offsetContainer:'',offset:'',mh:\"0\"});if (window.RS_MODULES!==undefined && window.RS_MODULES.modules!==undefined && window.RS_MODULES.modules[\"revslider121\"]!==undefined) {window.RS_MODULES.modules[\"revslider121\"].once = false;window.revapi12 = undefined;if (window.RS_MODULES.checkMinimal!==undefined) window.RS_MODULES.checkMinimal()}\n\t\t\t\t<\/script>\n\t\t\t<\/rs-module-wrap>\n\t\t\t<!-- END REVOLUTION SLIDER -->\n[\/vc_column][\/vc_row][vc_row][vc_column][vc_empty_space height=&#8221;150px&#8221;][\/vc_column][\/vc_row][vc_row][vc_column][vc_column_text]<\/p>\n<h3>WIR STELLEN DAS MIT DER PENIBLEN EINHALTUNG ALLER ABGEMACHTEN FRISTEN UNTER BEWEIS.<\/h3>\n<p>[\/vc_column_text][vc_column_text]Bei uns gibt es keine versteckten Kosten. Das Budget wird w\u00e4hrend der Bauarbeiten nicht angepasst. Alles, was wir mit Ihnen vereinbaren, halten wir ein. Um Ihre Gesundheit nicht zu gef\u00e4hrden, verwenden wir ausschlie\u00dflich Baumaterialien, die nicht gesundheitssch\u00e4dlich sind. Unser kompetentes Expertenteam ber\u00e4t Sie gerne zu gesunden und nat\u00fcrlichen Baustoffen.<\/p>\n<p>Ein friedliches Leben ist nur in einem friedlichen Zuhause m\u00f6glich. Und dieser Prozess beginnt mit der Bauphase. W\u00e4hrend Sie und Ihre Familie auf Ihr neues Zuhause warten, k\u00fcmmern wir uns um all Ihre b\u00fcrokratischen Verpflichtungen. Alles was Sie tun m\u00fcssen, ist die Schl\u00fcssel abzuholen und sich wie zu Hause zu f\u00fchlen.<\/p>\n<p>Entweder ein Einfamilienhaus oder ein Haustausch. Wir bieten f\u00fcr jeden Wunsch und jedes Budget eine Option an. Mit einzelnen Projekten geben wir der Fantasie unbegrenzte Freiheit. Gleichzeitig unterst\u00fctzen wir die moderne Stadtentwicklung und passen unsere Immobilien an die Stadt und ihre Umgebung an.[\/vc_column_text][\/vc_column][\/vc_row][vc_row][vc_column][vc_empty_space height=&#8221;150px&#8221;][\/vc_column][\/vc_row][vc_row][vc_column width=&#8221;1\/6&#8243;][\/vc_column][vc_column width=&#8221;2\/3&#8243;][contact-form-7 id=&#8221;569&#8243;][\/vc_column][vc_column width=&#8221;1\/6&#8243;][\/vc_column][\/vc_row]<\/p>\n<\/div>","protected":false},"excerpt":{"rendered":"<p>[vc_row][vc_column][vc_empty_space height=&#8221;150px&#8221;][\/vc_column][\/vc_row][vc_row][vc_column][vc_column_text] \u00dcber uns [\/vc_column_text][\/vc_column][\/vc_row][vc_row][vc_column][vc_column_text]Wir als Vastus LTD bieten seit vielen Jahren Dienstleistungen in Deutschland an. Wir haben immer sehr darauf geachtet, dass unsere Arbeit nach den h\u00f6chsten Energie- und Gesundheitsstandards ausgef\u00fchrt wird. Unser Motto &#8220;Wir bauen Ihr Zuhause&#8221; verlangt dies. An erster Stelle steht die Sicherheit Ihrer Familie. Um dies zu erreichen, verwenden wir&hellip;<\/p>\n","protected":false},"author":1,"featured_media":0,"parent":0,"menu_order":0,"comment_status":"closed","ping_status":"closed","template":"","meta":{"_joinchat":[],"footnotes":""},"class_list":["post-446","page","type-page","status-publish","hentry","description-off"],"translation":{"provider":"WPGlobus","version":"3.0.0","language":"de","enabled_languages":["en","de"],"languages":{"en":{"title":true,"content":true,"excerpt":false},"de":{"title":true,"content":true,"excerpt":false}}},"yoast_head":"<!-- This site is optimized with the Yoast SEO plugin v23.8 - https:\/\/yoast.com\/wordpress\/plugins\/seo\/ -->\n<title>\u00dcber uns - Vastus LTD - Lernen Sie das moderne Unternehmen kennen<\/title>\n<meta name=\"description\" content=\"Auf dieser Seite finden Sie Informationen \u00fcber Vastus LTD. Zum Beispiel, mit welchen Materialien Vastus arbeitet und was die Standards sind.\" \/>\n<meta name=\"robots\" content=\"index, follow, max-snippet:-1, max-image-preview:large, max-video-preview:-1\" \/>\n<link rel=\"canonical\" href=\"https:\/\/vastus.ltd\/ueber-uns\/\" \/>\n<meta property=\"og:locale\" content=\"de_DE\" \/>\n<meta property=\"og:type\" content=\"article\" \/>\n<meta property=\"og:title\" content=\"\u00dcber uns - Vastus LTD - Lernen Sie das moderne Unternehmen kennen\" \/>\n<meta property=\"og:description\" content=\"Auf dieser Seite finden Sie Informationen \u00fcber Vastus LTD. Zum Beispiel, mit welchen Materialien Vastus arbeitet und was die Standards sind.\" \/>\n<meta property=\"og:url\" content=\"https:\/\/vastus.ltd\/ueber-uns\/\" \/>\n<meta property=\"og:site_name\" content=\"Vastus Ltd.\" \/>\n<meta property=\"article:modified_time\" content=\"2021-02-28T15:41:30+00:00\" \/>\n<meta name=\"twitter:card\" content=\"summary_large_image\" \/>\n<meta name=\"twitter:label1\" content=\"Gesch\u00e4tzte Lesezeit\" \/>\n\t<meta name=\"twitter:data1\" content=\"2\u00a0Minuten\" \/>\n<script type=\"application\/ld+json\" class=\"yoast-schema-graph\">{\"@context\":\"https:\/\/schema.org\",\"@graph\":[{\"@type\":\"WebPage\",\"@id\":\"https:\/\/vastus.ltd\/ueber-uns\/\",\"url\":\"https:\/\/vastus.ltd\/ueber-uns\/\",\"name\":\"About us - Vastus Ltd - Get to know the modern company\",\"isPartOf\":{\"@id\":\"https:\/\/vastus.ltd\/#website\"},\"datePublished\":\"2018-10-23T06:16:55+00:00\",\"dateModified\":\"2021-02-28T15:41:30+00:00\",\"description\":\"Auf dieser Seite finden Sie Informationen \u00fcber Vastus LTD. Zum Beispiel, mit welchen Materialien Vastus arbeitet und was die Standards sind.\",\"breadcrumb\":{\"@id\":\"https:\/\/vastus.ltd\/ueber-uns\/#breadcrumb\"},\"inLanguage\":\"de\",\"potentialAction\":[{\"@type\":\"ReadAction\",\"target\":[\"https:\/\/vastus.ltd\/ueber-uns\/\"]}]},{\"@type\":\"BreadcrumbList\",\"@id\":\"https:\/\/vastus.ltd\/ueber-uns\/#breadcrumb\",\"itemListElement\":[{\"@type\":\"ListItem\",\"position\":1,\"name\":\"Startseite\",\"item\":\"https:\/\/vastus.ltd\/\"},{\"@type\":\"ListItem\",\"position\":2,\"name\":\"About us\"}]},{\"@type\":\"WebSite\",\"@id\":\"https:\/\/vastus.ltd\/#website\",\"url\":\"https:\/\/vastus.ltd\/\",\"name\":\"Vastus Ltd.\",\"description\":\"\",\"potentialAction\":[{\"@type\":\"SearchAction\",\"target\":{\"@type\":\"EntryPoint\",\"urlTemplate\":\"https:\/\/vastus.ltd\/?s={search_term_string}\"},\"query-input\":{\"@type\":\"PropertyValueSpecification\",\"valueRequired\":true,\"valueName\":\"search_term_string\"}}],\"inLanguage\":\"de\"}]}<\/script>\n<!-- \/ Yoast SEO plugin. -->","yoast_head_json":{"title":"\u00dcber uns - Vastus LTD - Lernen Sie das moderne Unternehmen kennen","description":"Auf dieser Seite finden Sie Informationen \u00fcber Vastus LTD. Zum Beispiel, mit welchen Materialien Vastus arbeitet und was die Standards sind.","robots":{"index":"index","follow":"follow","max-snippet":"max-snippet:-1","max-image-preview":"max-image-preview:large","max-video-preview":"max-video-preview:-1"},"canonical":"https:\/\/vastus.ltd\/ueber-uns\/","og_locale":"de_DE","og_type":"article","og_title":"\u00dcber uns - Vastus LTD - Lernen Sie das moderne Unternehmen kennen","og_description":"Auf dieser Seite finden Sie Informationen \u00fcber Vastus LTD. Zum Beispiel, mit welchen Materialien Vastus arbeitet und was die Standards sind.","og_url":"https:\/\/vastus.ltd\/ueber-uns\/","og_site_name":"Vastus Ltd.","article_modified_time":"2021-02-28T15:41:30+00:00","twitter_card":"summary_large_image","twitter_misc":{"Gesch\u00e4tzte Lesezeit":"2\u00a0Minuten"},"schema":{"@context":"https:\/\/schema.org","@graph":[{"@type":"WebPage","@id":"https:\/\/vastus.ltd\/ueber-uns\/","url":"https:\/\/vastus.ltd\/ueber-uns\/","name":"About us - Vastus Ltd - Get to know the modern company","isPartOf":{"@id":"https:\/\/vastus.ltd\/#website"},"datePublished":"2018-10-23T06:16:55+00:00","dateModified":"2021-02-28T15:41:30+00:00","description":"Auf dieser Seite finden Sie Informationen \u00fcber Vastus LTD. Zum Beispiel, mit welchen Materialien Vastus arbeitet und was die Standards sind.","breadcrumb":{"@id":"https:\/\/vastus.ltd\/ueber-uns\/#breadcrumb"},"inLanguage":"de","potentialAction":[{"@type":"ReadAction","target":["https:\/\/vastus.ltd\/ueber-uns\/"]}]},{"@type":"BreadcrumbList","@id":"https:\/\/vastus.ltd\/ueber-uns\/#breadcrumb","itemListElement":[{"@type":"ListItem","position":1,"name":"Startseite","item":"https:\/\/vastus.ltd\/"},{"@type":"ListItem","position":2,"name":"About us"}]},{"@type":"WebSite","@id":"https:\/\/vastus.ltd\/#website","url":"https:\/\/vastus.ltd\/","name":"Vastus Ltd.","description":"","potentialAction":[{"@type":"SearchAction","target":{"@type":"EntryPoint","urlTemplate":"https:\/\/vastus.ltd\/?s={search_term_string}"},"query-input":{"@type":"PropertyValueSpecification","valueRequired":true,"valueName":"search_term_string"}}],"inLanguage":"de"}]}},"_links":{"self":[{"href":"https:\/\/vastus.ltd\/de\/wp-json\/wp\/v2\/pages\/446","targetHints":{"allow":["GET"]}}],"collection":[{"href":"https:\/\/vastus.ltd\/de\/wp-json\/wp\/v2\/pages"}],"about":[{"href":"https:\/\/vastus.ltd\/de\/wp-json\/wp\/v2\/types\/page"}],"author":[{"embeddable":true,"href":"https:\/\/vastus.ltd\/de\/wp-json\/wp\/v2\/users\/1"}],"replies":[{"embeddable":true,"href":"https:\/\/vastus.ltd\/de\/wp-json\/wp\/v2\/comments?post=446"}],"version-history":[{"count":60,"href":"https:\/\/vastus.ltd\/de\/wp-json\/wp\/v2\/pages\/446\/revisions"}],"predecessor-version":[{"id":1431,"href":"https:\/\/vastus.ltd\/de\/wp-json\/wp\/v2\/pages\/446\/revisions\/1431"}],"wp:attachment":[{"href":"https:\/\/vastus.ltd\/de\/wp-json\/wp\/v2\/media?parent=446"}],"curies":[{"name":"wp","href":"https:\/\/api.w.org\/{rel}","templated":true}]}}