{"id":378,"date":"2018-09-26T10:44:58","date_gmt":"2018-09-26T08:44:58","guid":{"rendered":"http:\/\/www.vastus.ltd\/?page_id=378"},"modified":"2022-02-09T16:52:15","modified_gmt":"2022-02-09T15:52:15","slug":"home","status":"publish","type":"page","link":"https:\/\/vastus.ltd\/de\/","title":{"rendered":"Startseite"},"content":{"rendered":"<div class=\"wpb-content-wrapper\"><p>[vc_row][vc_column]\n\t\t\t<!-- START Start2020 REVOLUTION SLIDER 6.7.20 --><p class=\"rs-p-wp-fix\"><\/p>\n\t\t\t<rs-module-wrap id=\"rev_slider_7_1_wrapper\" data-source=\"gallery\" style=\"visibility:hidden;background:transparent;padding:0;\">\n\t\t\t\t<rs-module id=\"rev_slider_7_1\" style=\"\" data-version=\"6.7.20\">\n\t\t\t\t\t<rs-slides style=\"overflow: hidden; position: absolute;\">\n\t\t\t\t\t\t<rs-slide style=\"position: absolute;\" data-key=\"rs-18\" data-title=\"Slide\" data-anim=\"adpr:false;ms:600;\" data-in=\"o:0;\" data-out=\"a:false;\">\n\t\t\t\t\t\t\t<img decoding=\"async\" src=\"\/\/vastus.ltd\/wp-content\/plugins\/revslider\/sr6\/assets\/assets\/dummy.png\" alt=\"\" title=\"HausMain\" width=\"2048\" height=\"1367\" class=\"rev-slidebg tp-rs-img rs-lazyload\" data-lazyload=\"\/\/vastus.ltd\/wp-content\/uploads\/2022\/02\/HausMain-2048x1367.jpg\" data-parallax=\"6\" data-no-retina>\n<!--\n\t\t\t\t\t\t\t--><rs-group\n\t\t\t\t\t\t\t\tid=\"slider-7-slide-18-layer-5\" \n\t\t\t\t\t\t\t\tclass=\"rs-pxl-3\"\n\t\t\t\t\t\t\t\tdata-type=\"group\"\n\t\t\t\t\t\t\t\tdata-rsp_ch=\"on\"\n\t\t\t\t\t\t\t\tdata-xy=\"x:c;xo:-35px,-35px,-35px,-8px;yo:197px,197px,197px,59px;\"\n\t\t\t\t\t\t\t\tdata-text=\"w:normal;s:20,20,20,4;l:0,0,0,6;\"\n\t\t\t\t\t\t\t\tdata-dim=\"w:400px,400px,400px,99px;h:250px,250px,250px,62px;\"\n\t\t\t\t\t\t\t\tdata-frame_0=\"y:-450px,-450px,-450px,-112px;o:1;\"\n\t\t\t\t\t\t\t\tdata-frame_1=\"e:power2.inOut;st:300;sp:1800;sR:510;\"\n\t\t\t\t\t\t\t\tdata-frame_999=\"o:0;st:w;sR:8030;sA:9000;\"\n\t\t\t\t\t\t\t\tstyle=\"z-index:12;\"\n\t\t\t\t\t\t\t><!--\n\t\t\t\t\t\t\t\t--><rs-layer\n\t\t\t\t\t\t\t\t\tid=\"slider-7-slide-18-layer-8\" \n\t\t\t\t\t\t\t\t\tdata-type=\"text\"\n\t\t\t\t\t\t\t\t\tdata-rsp_ch=\"on\"\n\t\t\t\t\t\t\t\t\tdata-xy=\"x:c;yo:167px,167px,167px,101px;\"\n\t\t\t\t\t\t\t\t\tdata-pos=\"a\"\n\t\t\t\t\t\t\t\t\tdata-text=\"w:nowrap;s:70,70,70,40;l:80,80,80,50;ls:2px,2px,2px,1px;fw:900;a:center;\"\n\t\t\t\t\t\t\t\t\tdata-frame_999=\"o:0;st:w;sR:8700;\"\n\t\t\t\t\t\t\t\t\tstyle=\"z-index:11;font-family:'Roboto';text-transform:uppercase;\"\n\t\t\t\t\t\t\t\t>Auf Zypern \n\t\t\t\t\t\t\t\t<\/rs-layer><!--\n\n\t\t\t\t\t\t\t\t--><rs-layer\n\t\t\t\t\t\t\t\t\tid=\"slider-7-slide-18-layer-7\" \n\t\t\t\t\t\t\t\t\tdata-type=\"text\"\n\t\t\t\t\t\t\t\t\tdata-rsp_ch=\"on\"\n\t\t\t\t\t\t\t\t\tdata-xy=\"x:c;yo:98px,98px,98px,53px;\"\n\t\t\t\t\t\t\t\t\tdata-pos=\"a\"\n\t\t\t\t\t\t\t\t\tdata-text=\"w:normal;s:70,70,70,40;l:80,80,80,50;ls:5px,5px,5px,2px;fw:100;a:center;\"\n\t\t\t\t\t\t\t\t\tdata-frame_999=\"o:0;st:w;sR:8700;\"\n\t\t\t\t\t\t\t\t\tstyle=\"z-index:10;font-family:'Roboto';text-transform:uppercase;\"\n\t\t\t\t\t\t\t\t>Immobilien \n\t\t\t\t\t\t\t\t<\/rs-layer><!--\n\n\t\t\t\t\t\t\t\t--><rs-layer\n\t\t\t\t\t\t\t\t\tid=\"slider-7-slide-18-layer-6\" \n\t\t\t\t\t\t\t\t\tdata-type=\"text\"\n\t\t\t\t\t\t\t\t\tdata-rsp_ch=\"on\"\n\t\t\t\t\t\t\t\t\tdata-xy=\"x:c;yo:30px,30px,30px,7px;\"\n\t\t\t\t\t\t\t\t\tdata-pos=\"a\"\n\t\t\t\t\t\t\t\t\tdata-text=\"w:normal;s:70,70,70,40;l:80,80,80,50;fw:100;a:center;\"\n\t\t\t\t\t\t\t\t\tdata-frame_999=\"o:0;st:w;sR:8700;\"\n\t\t\t\t\t\t\t\t\tstyle=\"z-index:9;font-family:'Roboto';text-transform:uppercase;\"\n\t\t\t\t\t\t\t\t>Traumhafte \n\t\t\t\t\t\t\t\t<\/rs-layer><!--\n\t\t\t\t\t\t\t--><\/rs-group><!--\n\n\t\t\t\t\t\t\t--><rs-layer\n\t\t\t\t\t\t\t\tid=\"slider-7-slide-18-layer-1\" \n\t\t\t\t\t\t\t\tclass=\"tp-shape tp-shapewrapper\"\n\t\t\t\t\t\t\t\tdata-type=\"shape\"\n\t\t\t\t\t\t\t\tdata-rsp_ch=\"on\"\n\t\t\t\t\t\t\t\tdata-xy=\"x:c;y:m;\"\n\t\t\t\t\t\t\t\tdata-text=\"fw:800;a:center;\"\n\t\t\t\t\t\t\t\tdata-dim=\"w:100%;h:100%;\"\n\t\t\t\t\t\t\t\tdata-basealign=\"slide\"\n\t\t\t\t\t\t\t\tdata-frame_1=\"sp:0;\"\n\t\t\t\t\t\t\t\tdata-frame_999=\"o:0;st:w;sR:9000;\"\n\t\t\t\t\t\t\t\tstyle=\"z-index:8;background-color:rgba(0,0,0,0.25);text-transform:uppercase;\"\n\t\t\t\t\t\t\t> \n\t\t\t\t\t\t\t<\/rs-layer><!--\n\n\t\t\t\t\t\t\t--><rs-layer\n\t\t\t\t\t\t\t\tid=\"slider-7-slide-18-layer-9\" \n\t\t\t\t\t\t\t\tclass=\"rev-scroll-btn rev-b-span-light\"\n\t\t\t\t\t\t\t\tdata-type=\"button\"\n\t\t\t\t\t\t\t\tdata-rsp_ch=\"on\"\n\t\t\t\t\t\t\t\tdata-xy=\"x:c;y:b;yo:100px,100px,100px,24px;\"\n\t\t\t\t\t\t\t\tdata-text=\"w:normal;s:17,17,17,50;l:20,20,20,6;ls:1,1,1,0;\"\n\t\t\t\t\t\t\t\tdata-dim=\"w:35px;h:55px;minw:35px,35px,35px,none;minh:55px,55px,55px,none;\"\n\t\t\t\t\t\t\t\tdata-actions='o:click;a:scrollbelow;sp:1000ms;e:power1.inOut;'\n\t\t\t\t\t\t\t\tdata-padding=\"t:22,22,22,6;r:14,14,14,3;b:22,22,22,6;l:14,14,14,3;\"\n\t\t\t\t\t\t\t\tdata-border=\"bos:solid;boc:rgba(255,255,255,0.75);bow:3px,3px,3px,3px;bor:23px,23px,23px,23px;\"\n\t\t\t\t\t\t\t\tdata-frame_1=\"sp:600;\"\n\t\t\t\t\t\t\t\tdata-frame_999=\"o:0;st:w;\"\n\t\t\t\t\t\t\t\tstyle=\"z-index:13;font-family:'Roboto';text-transform:uppercase;\"\n\t\t\t\t\t\t\t><span><\/span><span><\/span><span><\/span> \n\t\t\t\t\t\t\t<\/rs-layer><!--\n-->\t\t\t\t\t<\/rs-slide>\n\t\t\t\t\t<\/rs-slides>\n\t\t\t\t<\/rs-module>\n\t\t\t\t<script>\n\t\t\t\t\tsetREVStartSize({c: 'rev_slider_7_1',rl:[1240,1240,1240,480],el:[1280,1280,1280,720],gw:[1920,1920,1920,480],gh:[1280,1280,1280,720],type:'hero',justify:'',layout:'fullscreen',offsetContainer:'',offset:'',mh:\"0\"});if (window.RS_MODULES!==undefined && window.RS_MODULES.modules!==undefined && window.RS_MODULES.modules[\"revslider71\"]!==undefined) {window.RS_MODULES.modules[\"revslider71\"].once = false;window.revapi7 = undefined;if (window.RS_MODULES.checkMinimal!==undefined) window.RS_MODULES.checkMinimal()}\n\t\t\t\t<\/script>\n\t\t\t<\/rs-module-wrap>\n\t\t\t<!-- END REVOLUTION SLIDER -->\n[vc_empty_space height=&#8221;150px&#8221;][\/vc_column][\/vc_row][vc_row][vc_column][vc_column_text]<\/p>\n<h1>Wir bauen Ihr Zuhause!<\/h1>\n<p>[\/vc_column_text][vc_column_text]<\/p>\n<h2>Vastus LTD<\/h2>\n<p>[\/vc_column_text][\/vc_column][\/vc_row][vc_row][vc_column css_animation=&#8221;left-to-right&#8221; width=&#8221;4\/12&#8243;][vc_column_text]Ein Haus ist nicht nur ein Haus. F\u00fcr die Familie ist es das Zuhause. Jede Familie verdient ein eigenes Zuhause. Jede Familie verdient es in den h\u00f6chsten Standards zu leben.<\/p>\n<p>Und da kommen wir ins Spiel. Wie Ihr Zuhause, geh\u00f6ren alle Entscheidungen Ihnen. Unsere Aufgabe ist es, Ihre Tr\u00e4ume zu verwirklichen. Wir sind kundenorientiert, bieten eine aufrichtige Beratung und qualitative Projekte und unterst\u00fctzen Sie auf verschiedenen Ebenen des Immobilienmarktes.[\/vc_column_text][\/vc_column][vc_column width=&#8221;1\/12&#8243;][\/vc_column][vc_column css_animation=&#8221;right-to-left&#8221; width=&#8221;7\/12&#8243;][vc_single_image image=&#8221;3905&#8243; img_size=&#8221;full&#8221; alignment=&#8221;center&#8221; onclick=&#8221;link_image&#8221;][vc_row_inner][vc_column_inner width=&#8221;1\/2&#8243;][vc_single_image image=&#8221;3906&#8243; img_size=&#8221;full&#8221; alignment=&#8221;center&#8221; onclick=&#8221;link_image&#8221;][\/vc_column_inner][vc_column_inner width=&#8221;1\/2&#8243;][vc_single_image image=&#8221;3908&#8243; img_size=&#8221;full&#8221; alignment=&#8221;center&#8221; onclick=&#8221;link_image&#8221;][\/vc_column_inner][\/vc_row_inner][\/vc_column][\/vc_row][vc_row full_width=&#8221;stretch_row_content_no_spaces&#8221;][vc_column][vc_empty_space height=&#8221;250px&#8221;]\n\t\t\t<!-- START StartEyecatcher01 REVOLUTION SLIDER 6.7.20 --><p class=\"rs-p-wp-fix\"><\/p>\n\t\t\t<rs-module-wrap id=\"rev_slider_8_2_wrapper\" data-source=\"gallery\" style=\"visibility:hidden;background:transparent;padding:0;\">\n\t\t\t\t<rs-module id=\"rev_slider_8_2\" style=\"\" data-version=\"6.7.20\">\n\t\t\t\t\t<rs-slides style=\"overflow: hidden; position: absolute;\">\n\t\t\t\t\t\t<rs-slide style=\"position: absolute;\" data-key=\"rs-19\" data-title=\"Slide\" data-anim=\"adpr:false;\" data-in=\"o:0;\" data-out=\"a:false;\">\n\t\t\t\t\t\t\t<img decoding=\"async\" src=\"\/\/vastus.ltd\/wp-content\/plugins\/revslider\/sr6\/assets\/assets\/dummy.png\" alt=\"\" title=\"VillasBeach\" width=\"1862\" height=\"890\" class=\"rev-slidebg tp-rs-img rs-lazyload\" data-lazyload=\"\/\/vastus.ltd\/wp-content\/uploads\/2022\/02\/VillasBeach.jpg\" data-parallax=\"15\" data-no-retina>\n<!--\n\t\t\t\t\t\t\t--><rs-layer\n\t\t\t\t\t\t\t\tid=\"slider-8-slide-19-layer-0\" \n\t\t\t\t\t\t\t\tdata-type=\"shape\"\n\t\t\t\t\t\t\t\tdata-rsp_ch=\"on\"\n\t\t\t\t\t\t\t\tdata-xy=\"x:370px;y:57px;\"\n\t\t\t\t\t\t\t\tdata-text=\"w:normal;\"\n\t\t\t\t\t\t\t\tdata-dim=\"w:820px;h:230;\"\n\t\t\t\t\t\t\t\tdata-basealign=\"slide\"\n\t\t\t\t\t\t\t\tdata-frame_1=\"st:400;sp:600;\"\n\t\t\t\t\t\t\t\tdata-frame_999=\"o:0;st:w;\"\n\t\t\t\t\t\t\t\tstyle=\"z-index:8;background-color:rgba(255,255,255,0.8);\"\n\t\t\t\t\t\t\t> \n\t\t\t\t\t\t\t<\/rs-layer><!--\n\n\t\t\t\t\t\t\t--><rs-layer\n\t\t\t\t\t\t\t\tid=\"slider-8-slide-19-layer-1\" \n\t\t\t\t\t\t\t\tdata-type=\"text\"\n\t\t\t\t\t\t\t\tdata-color=\"#ff4f00\"\n\t\t\t\t\t\t\t\tdata-rsp_ch=\"on\"\n\t\t\t\t\t\t\t\tdata-xy=\"x:387px;y:185px;\"\n\t\t\t\t\t\t\t\tdata-text=\"w:normal;s:77;l:74;fw:900;\"\n\t\t\t\t\t\t\t\tdata-basealign=\"slide\"\n\t\t\t\t\t\t\t\tdata-frame_1=\"st:300;sp:600;\"\n\t\t\t\t\t\t\t\tdata-frame_999=\"o:0;st:w;\"\n\t\t\t\t\t\t\t\tstyle=\"z-index:10;font-family:'Roboto';text-transform:uppercase;\"\n\t\t\t\t\t\t\t>leben Sie jetzt! \n\t\t\t\t\t\t\t<\/rs-layer><!--\n\n\t\t\t\t\t\t\t--><rs-layer\n\t\t\t\t\t\t\t\tid=\"slider-8-slide-19-layer-2\" \n\t\t\t\t\t\t\t\tdata-type=\"text\"\n\t\t\t\t\t\t\t\tdata-color=\"#000000\"\n\t\t\t\t\t\t\t\tdata-rsp_ch=\"on\"\n\t\t\t\t\t\t\t\tdata-xy=\"x:387px;y:66px;\"\n\t\t\t\t\t\t\t\tdata-text=\"w:normal;s:77;l:96;fw:300;\"\n\t\t\t\t\t\t\t\tdata-basealign=\"slide\"\n\t\t\t\t\t\t\t\tdata-frame_1=\"st:400;sp:600;\"\n\t\t\t\t\t\t\t\tdata-frame_999=\"o:0;st:w;\"\n\t\t\t\t\t\t\t\tstyle=\"z-index:9;font-family:'Roboto';text-transform:uppercase;\"\n\t\t\t\t\t\t\t>Tr\u00e4umen sie nicht -  \n\t\t\t\t\t\t\t<\/rs-layer><!--\n-->\t\t\t\t\t<\/rs-slide>\n\t\t\t\t\t<\/rs-slides>\n\t\t\t\t<\/rs-module>\n\t\t\t\t<script>\n\t\t\t\t\tsetREVStartSize({c: 'rev_slider_8_2',rl:[1240,1024,778,480],el:[1280],gw:[1920],gh:[1280],type:'standard',justify:'',layout:'fullscreen',offsetContainer:'',offset:'',mh:\"0\"});if (window.RS_MODULES!==undefined && window.RS_MODULES.modules!==undefined && window.RS_MODULES.modules[\"revslider82\"]!==undefined) {window.RS_MODULES.modules[\"revslider82\"].once = false;window.revapi8 = undefined;if (window.RS_MODULES.checkMinimal!==undefined) window.RS_MODULES.checkMinimal()}\n\t\t\t\t<\/script>\n\t\t\t<\/rs-module-wrap>\n\t\t\t<!-- END REVOLUTION SLIDER -->\n[vc_empty_space height=&#8221;250px&#8221;][\/vc_column][\/vc_row][vc_row][vc_column][vc_column_text]Wir betreuen Sie von der Startphase bis zum Einzug. Hierf\u00fcr wird vorweg eine detaillierte Bestandsaufnahme Ihrer W\u00fcnsche und Bed\u00fcrfnisse gemacht. Sie haben direkten Einfluss auf Architektur, Baumaterialien und Raumaufteilung. Unser qualifiziertes Team steht Ihnen in Sachen Nachhaltigkeit und Wertsteigerung immer beratend zur Seite. Wir m\u00f6chten, dass Ihr Objekt auch nach zahlreichen Jahren rentabel f\u00fcr Sie ist. Nicht nur deshalb entwickeln wir moderne und zukunftsorientierte Ideen.[\/vc_column_text][\/vc_column][\/vc_row][vc_row][vc_column][vc_empty_space height=&#8221;125px&#8221;][vc_column_text]Wir bieten Ihnen Komplettl\u00f6sungen an. Wir k\u00f6nnen aber auch anders. Haben Sie schon Ihre Traumarchitektur gefunden? Oder brauchen Sie uns nur f\u00fcr die Innenarbeiten? Gerne \u00fcbernehmen wir auch Teilprojekte. In dem Fall koordinieren wir uns mit Ihrem Architekten und gew\u00e4hrleisten projekttreues wie individuell angepasstes Bauen.[\/vc_column_text][\/vc_column][\/vc_row][vc_row][vc_column][vc_empty_space height=&#8221;250px&#8221;][\/vc_column][\/vc_row][vc_row][vc_column][vc_column_text]Verantwortungsvolles Energiemanagement, wird auf der ganzen Welt ein immer wichtigeres Thema. Auch wir wollen unseren Beitrag f\u00fcr ein energiebewussteres Bauen leisten. Energieeffizienz mit umweltfreundlichen Materialien und klimaschonender W\u00e4rmed\u00e4mmung, ist nicht nur ein Beitrag f\u00fcr die Umwelt, sondern auch f\u00fcr Ihre Geldb\u00f6rse. Wir richten uns immer an die aktuellsten Energieeinsparverordnung (EnEv) sowie an das Erneuerbare Energien W\u00e4rmegesetz (EEW\u00e4rmeG) und \u00fcbertreffen sie sogar.<\/p>\n<p>[\/vc_column_text][\/vc_column][\/vc_row][vc_row][vc_column][vc_column_text]<\/p>\n<h2>Egal welche Bauphase<\/h2>\n<h2>Wir garantieren einen reibungslosen qualitativen Ablauf. Damit Ihr Projekt so schnell wie m\u00f6glich Ihr Zuhause wird!<\/h2>\n<p>[\/vc_column_text][\/vc_column][\/vc_row][vc_row][vc_column][vc_column_text]Wir bieten:<\/p>\n<ul>\n<li>F\u00fcr jede Bed\u00fcrfnisse und finanzielle Situation das richtige Objekt und Projekt<\/li>\n<li>EU-Normen in jeder Phase unserer Projekte<\/li>\n<li>Bewertung und Verwertung Ihres Grundst\u00fccks<\/li>\n<li>Schl\u00fcsselfertige Wohnungen oder freistehende H\u00e4user<\/li>\n<li>Objekte im Einklang mit der Umwelt<\/li>\n<li>Verst\u00e4ndnis f\u00fcr moderne Stadtentwicklung<\/li>\n<li>Genaue statische Berechnungen<\/li>\n<\/ul>\n<p>[\/vc_column_text][\/vc_column][\/vc_row][vc_row full_width=&#8221;stretch_row_content_no_spaces&#8221;][vc_column][vc_empty_space height=&#8221;250px&#8221;]\n\t\t\t<!-- START StartEyecatcher02 REVOLUTION SLIDER 6.7.20 --><p class=\"rs-p-wp-fix\"><\/p>\n\t\t\t<rs-module-wrap id=\"rev_slider_9_3_wrapper\" data-source=\"gallery\" style=\"visibility:hidden;background:transparent;padding:0;\">\n\t\t\t\t<rs-module id=\"rev_slider_9_3\" style=\"\" data-version=\"6.7.20\">\n\t\t\t\t\t<rs-slides style=\"overflow: hidden; position: absolute;\">\n\t\t\t\t\t\t<rs-slide style=\"position: absolute;\" data-key=\"rs-20\" data-title=\"Slide\" data-anim=\"adpr:false;\" data-in=\"o:0;\" data-out=\"a:false;\">\n\t\t\t\t\t\t\t<img decoding=\"async\" src=\"\/\/vastus.ltd\/wp-content\/plugins\/revslider\/sr6\/assets\/assets\/dummy.png\" alt=\"\" title=\"BeachHouse\" width=\"2048\" height=\"986\" class=\"rev-slidebg tp-rs-img rs-lazyload\" data-lazyload=\"\/\/vastus.ltd\/wp-content\/uploads\/2022\/02\/BeachHouse-2048x986.jpg\" data-parallax=\"15\" data-no-retina>\n<!--\n\t\t\t\t\t\t\t--><rs-layer\n\t\t\t\t\t\t\t\tid=\"slider-9-slide-20-layer-0\" \n\t\t\t\t\t\t\t\tdata-type=\"shape\"\n\t\t\t\t\t\t\t\tdata-rsp_ch=\"on\"\n\t\t\t\t\t\t\t\tdata-xy=\"x:370px;y:57px;\"\n\t\t\t\t\t\t\t\tdata-text=\"w:normal;\"\n\t\t\t\t\t\t\t\tdata-dim=\"w:844px;h:230;\"\n\t\t\t\t\t\t\t\tdata-basealign=\"slide\"\n\t\t\t\t\t\t\t\tdata-frame_1=\"st:400;sp:600;\"\n\t\t\t\t\t\t\t\tdata-frame_999=\"o:0;st:w;\"\n\t\t\t\t\t\t\t\tstyle=\"z-index:8;background-color:rgba(255,255,255,0.8);\"\n\t\t\t\t\t\t\t> \n\t\t\t\t\t\t\t<\/rs-layer><!--\n\n\t\t\t\t\t\t\t--><rs-layer\n\t\t\t\t\t\t\t\tid=\"slider-9-slide-20-layer-1\" \n\t\t\t\t\t\t\t\tdata-type=\"text\"\n\t\t\t\t\t\t\t\tdata-color=\"#ff4f00\"\n\t\t\t\t\t\t\t\tdata-rsp_ch=\"on\"\n\t\t\t\t\t\t\t\tdata-xy=\"x:387px;y:185px;\"\n\t\t\t\t\t\t\t\tdata-text=\"w:normal;s:77;l:74;fw:900;\"\n\t\t\t\t\t\t\t\tdata-basealign=\"slide\"\n\t\t\t\t\t\t\t\tdata-frame_1=\"st:300;sp:600;\"\n\t\t\t\t\t\t\t\tdata-frame_999=\"o:0;st:w;\"\n\t\t\t\t\t\t\t\tstyle=\"z-index:10;font-family:'Roboto';text-transform:uppercase;\"\n\t\t\t\t\t\t\t>Jetzt anrufen! \n\t\t\t\t\t\t\t<\/rs-layer><!--\n\n\t\t\t\t\t\t\t--><rs-layer\n\t\t\t\t\t\t\t\tid=\"slider-9-slide-20-layer-2\" \n\t\t\t\t\t\t\t\tdata-type=\"text\"\n\t\t\t\t\t\t\t\tdata-color=\"#000000\"\n\t\t\t\t\t\t\t\tdata-rsp_ch=\"on\"\n\t\t\t\t\t\t\t\tdata-xy=\"x:387px;y:66px;\"\n\t\t\t\t\t\t\t\tdata-text=\"w:normal;s:77;l:96;fw:300;\"\n\t\t\t\t\t\t\t\tdata-basealign=\"slide\"\n\t\t\t\t\t\t\t\tdata-frame_1=\"st:400;sp:600;\"\n\t\t\t\t\t\t\t\tdata-frame_999=\"o:0;st:w;\"\n\t\t\t\t\t\t\t\tstyle=\"z-index:9;font-family:'Roboto';text-transform:uppercase;\"\n\t\t\t\t\t\t\t>Nicht lange warten <br \/>\n \n\t\t\t\t\t\t\t<\/rs-layer><!--\n-->\t\t\t\t\t<\/rs-slide>\n\t\t\t\t\t<\/rs-slides>\n\t\t\t\t<\/rs-module>\n\t\t\t\t<script>\n\t\t\t\t\tsetREVStartSize({c: 'rev_slider_9_3',rl:[1240,1024,778,480],el:[920],gw:[1920],gh:[920],type:'standard',justify:'',layout:'fullscreen',offsetContainer:'',offset:'',mh:\"0\"});if (window.RS_MODULES!==undefined && window.RS_MODULES.modules!==undefined && window.RS_MODULES.modules[\"revslider93\"]!==undefined) {window.RS_MODULES.modules[\"revslider93\"].once = false;window.revapi9 = undefined;if (window.RS_MODULES.checkMinimal!==undefined) window.RS_MODULES.checkMinimal()}\n\t\t\t\t<\/script>\n\t\t\t<\/rs-module-wrap>\n\t\t\t<!-- END REVOLUTION SLIDER -->\n[vc_empty_space height=&#8221;250px&#8221;][\/vc_column][\/vc_row][vc_row][vc_column width=&#8221;1\/6&#8243;][\/vc_column][vc_column width=&#8221;2\/3&#8243;][contact-form-7 id=&#8221;569&#8243;][\/vc_column][vc_column width=&#8221;1\/6&#8243;][\/vc_column][\/vc_row]<\/p>\n<\/div>","protected":false},"excerpt":{"rendered":"<p>[vc_row][vc_column][vc_empty_space height=&#8221;150px&#8221;][\/vc_column][\/vc_row][vc_row][vc_column][vc_column_text] Wir bauen Ihr Zuhause! [\/vc_column_text][vc_column_text] Vastus LTD [\/vc_column_text][\/vc_column][\/vc_row][vc_row][vc_column css_animation=&#8221;left-to-right&#8221; width=&#8221;4\/12&#8243;][vc_column_text]Ein Haus ist nicht nur ein Haus. F\u00fcr die Familie ist es das Zuhause. Jede Familie verdient ein eigenes Zuhause. Jede Familie verdient es in den h\u00f6chsten Standards zu leben. Und da kommen wir ins Spiel. Wie Ihr Zuhause, geh\u00f6ren alle Entscheidungen Ihnen. Unsere&hellip;<\/p>\n","protected":false},"author":1,"featured_media":0,"parent":0,"menu_order":0,"comment_status":"closed","ping_status":"closed","template":"","meta":{"_joinchat":[],"footnotes":""},"class_list":["post-378","page","type-page","status-publish","hentry","description-off"],"translation":{"provider":"WPGlobus","version":"3.0.0","language":"de","enabled_languages":["en","de"],"languages":{"en":{"title":true,"content":true,"excerpt":false},"de":{"title":true,"content":true,"excerpt":false}}},"yoast_head":"<!-- This site is optimized with the Yoast SEO plugin v23.8 - https:\/\/yoast.com\/wordpress\/plugins\/seo\/ -->\n<title>Startseite der Unternehmenswebsite von Vastus LTD<\/title>\n<meta name=\"description\" content=\"Finden Sie Ihre Traumimmobilie auf Zypern! Vastus LTD bietet Ihnen luxuri\u00f6se Immobilien. Auf der Homepage finden Sie einen \u00dcberblick.\" \/>\n<meta name=\"robots\" content=\"index, follow, max-snippet:-1, max-image-preview:large, max-video-preview:-1\" \/>\n<link rel=\"canonical\" href=\"https:\/\/vastus.ltd\/\" \/>\n<meta property=\"og:locale\" content=\"de_DE\" \/>\n<meta property=\"og:type\" content=\"article\" \/>\n<meta property=\"og:title\" content=\"Startseite der Unternehmenswebsite von Vastus LTD\" \/>\n<meta property=\"og:description\" content=\"Finden Sie Ihre Traumimmobilie auf Zypern! Vastus LTD bietet Ihnen luxuri\u00f6se Immobilien. Auf der Homepage finden Sie einen \u00dcberblick.\" \/>\n<meta property=\"og:url\" content=\"https:\/\/vastus.ltd\/\" \/>\n<meta property=\"og:site_name\" content=\"Vastus Ltd.\" \/>\n<meta property=\"article:modified_time\" content=\"2022-02-09T15:52:15+00:00\" \/>\n<meta name=\"twitter:card\" content=\"summary_large_image\" \/>\n<meta name=\"twitter:label1\" content=\"Gesch\u00e4tzte Lesezeit\" \/>\n\t<meta name=\"twitter:data1\" content=\"2\u00a0Minuten\" \/>\n<script type=\"application\/ld+json\" class=\"yoast-schema-graph\">{\"@context\":\"https:\/\/schema.org\",\"@graph\":[{\"@type\":\"WebPage\",\"@id\":\"https:\/\/vastus.ltd\/\",\"url\":\"https:\/\/vastus.ltd\/\",\"name\":\"Homepage of the corporate website of Vastus Ltd.\",\"isPartOf\":{\"@id\":\"https:\/\/vastus.ltd\/#website\"},\"datePublished\":\"2018-09-26T08:44:58+00:00\",\"dateModified\":\"2022-02-09T15:52:15+00:00\",\"description\":\"Finden Sie Ihre Traumimmobilie auf Zypern! Vastus LTD bietet Ihnen luxuri\u00f6se Immobilien. Auf der Homepage finden Sie einen \u00dcberblick.\",\"breadcrumb\":{\"@id\":\"https:\/\/vastus.ltd\/#breadcrumb\"},\"inLanguage\":\"de\",\"potentialAction\":[{\"@type\":\"ReadAction\",\"target\":[\"https:\/\/vastus.ltd\/\"]}]},{\"@type\":\"BreadcrumbList\",\"@id\":\"https:\/\/vastus.ltd\/#breadcrumb\",\"itemListElement\":[{\"@type\":\"ListItem\",\"position\":1,\"name\":\"Startseite\",\"item\":\"https:\/\/vastus.ltd\/\"},{\"@type\":\"ListItem\",\"position\":2,\"name\":\"Home\"}]},{\"@type\":\"WebSite\",\"@id\":\"https:\/\/vastus.ltd\/#website\",\"url\":\"https:\/\/vastus.ltd\/\",\"name\":\"Vastus Ltd.\",\"description\":\"\",\"potentialAction\":[{\"@type\":\"SearchAction\",\"target\":{\"@type\":\"EntryPoint\",\"urlTemplate\":\"https:\/\/vastus.ltd\/?s={search_term_string}\"},\"query-input\":{\"@type\":\"PropertyValueSpecification\",\"valueRequired\":true,\"valueName\":\"search_term_string\"}}],\"inLanguage\":\"de\"}]}<\/script>\n<!-- \/ Yoast SEO plugin. -->","yoast_head_json":{"title":"Startseite der Unternehmenswebsite von Vastus LTD","description":"Finden Sie Ihre Traumimmobilie auf Zypern! Vastus LTD bietet Ihnen luxuri\u00f6se Immobilien. Auf der Homepage finden Sie einen \u00dcberblick.","robots":{"index":"index","follow":"follow","max-snippet":"max-snippet:-1","max-image-preview":"max-image-preview:large","max-video-preview":"max-video-preview:-1"},"canonical":"https:\/\/vastus.ltd\/","og_locale":"de_DE","og_type":"article","og_title":"Startseite der Unternehmenswebsite von Vastus LTD","og_description":"Finden Sie Ihre Traumimmobilie auf Zypern! Vastus LTD bietet Ihnen luxuri\u00f6se Immobilien. Auf der Homepage finden Sie einen \u00dcberblick.","og_url":"https:\/\/vastus.ltd\/","og_site_name":"Vastus Ltd.","article_modified_time":"2022-02-09T15:52:15+00:00","twitter_card":"summary_large_image","twitter_misc":{"Gesch\u00e4tzte Lesezeit":"2\u00a0Minuten"},"schema":{"@context":"https:\/\/schema.org","@graph":[{"@type":"WebPage","@id":"https:\/\/vastus.ltd\/","url":"https:\/\/vastus.ltd\/","name":"Homepage of the corporate website of Vastus Ltd.","isPartOf":{"@id":"https:\/\/vastus.ltd\/#website"},"datePublished":"2018-09-26T08:44:58+00:00","dateModified":"2022-02-09T15:52:15+00:00","description":"Finden Sie Ihre Traumimmobilie auf Zypern! Vastus LTD bietet Ihnen luxuri\u00f6se Immobilien. Auf der Homepage finden Sie einen \u00dcberblick.","breadcrumb":{"@id":"https:\/\/vastus.ltd\/#breadcrumb"},"inLanguage":"de","potentialAction":[{"@type":"ReadAction","target":["https:\/\/vastus.ltd\/"]}]},{"@type":"BreadcrumbList","@id":"https:\/\/vastus.ltd\/#breadcrumb","itemListElement":[{"@type":"ListItem","position":1,"name":"Startseite","item":"https:\/\/vastus.ltd\/"},{"@type":"ListItem","position":2,"name":"Home"}]},{"@type":"WebSite","@id":"https:\/\/vastus.ltd\/#website","url":"https:\/\/vastus.ltd\/","name":"Vastus Ltd.","description":"","potentialAction":[{"@type":"SearchAction","target":{"@type":"EntryPoint","urlTemplate":"https:\/\/vastus.ltd\/?s={search_term_string}"},"query-input":{"@type":"PropertyValueSpecification","valueRequired":true,"valueName":"search_term_string"}}],"inLanguage":"de"}]}},"_links":{"self":[{"href":"https:\/\/vastus.ltd\/de\/wp-json\/wp\/v2\/pages\/378","targetHints":{"allow":["GET"]}}],"collection":[{"href":"https:\/\/vastus.ltd\/de\/wp-json\/wp\/v2\/pages"}],"about":[{"href":"https:\/\/vastus.ltd\/de\/wp-json\/wp\/v2\/types\/page"}],"author":[{"embeddable":true,"href":"https:\/\/vastus.ltd\/de\/wp-json\/wp\/v2\/users\/1"}],"replies":[{"embeddable":true,"href":"https:\/\/vastus.ltd\/de\/wp-json\/wp\/v2\/comments?post=378"}],"version-history":[{"count":248,"href":"https:\/\/vastus.ltd\/de\/wp-json\/wp\/v2\/pages\/378\/revisions"}],"predecessor-version":[{"id":3919,"href":"https:\/\/vastus.ltd\/de\/wp-json\/wp\/v2\/pages\/378\/revisions\/3919"}],"wp:attachment":[{"href":"https:\/\/vastus.ltd\/de\/wp-json\/wp\/v2\/media?parent=378"}],"curies":[{"name":"wp","href":"https:\/\/api.w.org\/{rel}","templated":true}]}}