{"id":1114,"date":"2021-02-17T11:46:39","date_gmt":"2021-02-17T10:46:39","guid":{"rendered":"https:\/\/www.vastus.ltd\/?page_id=1114"},"modified":"2022-02-10T11:49:40","modified_gmt":"2022-02-10T10:49:40","slug":"cyprus","status":"publish","type":"page","link":"https:\/\/vastus.ltd\/de\/cyprus\/","title":{"rendered":"Zypern"},"content":{"rendered":"<div class=\"wpb-content-wrapper\"><p>[vc_row][vc_column][vc_column_text]<\/p>\n<h1>Zypern<\/h1>\n<p>[\/vc_column_text][vc_column_text]<\/p>\n<h2>Lage<\/h2>\n<p>[\/vc_column_text][\/vc_column][\/vc_row][vc_row][vc_column width=&#8221;6\/12&#8243;][vc_column_text]Im Herzen des \u00f6stlichen Mittelmeers, angrenzend an die T\u00fcrkei, den Libanon, Israel, \u00c4gypten und Griechenland, liegt das kleine Juwel, die Insel Zypern. Hier begegnen sich asiatische, europ\u00e4ische und nordafrikanische Welten. Sie ist neben Sizilien und Sardinien eine der drei gr\u00f6\u00dften Inseln im Mittelmeer und umfasst 9.251 km\u00b2. Die Insel ist in eine griechische und eine t\u00fcrkische Region unterteilt und hat eine 648 km lange K\u00fcstenlinie zu bieten![\/vc_column_text][\/vc_column][vc_column width=&#8221;1\/12&#8243;][\/vc_column][vc_column width=&#8221;5\/12&#8243;][vc_empty_space][vc_single_image image=&#8221;3866&#8243; img_size=&#8221;full&#8221; alignment=&#8221;center&#8221; onclick=&#8221;link_image&#8221;][\/vc_column][\/vc_row][vc_row][vc_column][vc_column_text]Die Hauptstadt von Zypern ist Nikosia, weitere gro\u00dfe St\u00e4dte sind Limassol und Larnaca. Die Einwohnerzahl Zyperns wird f\u00fcr das Jahr 2021 auf 1.278.686 gesch\u00e4tzt. Nikosia als Hauptstadt bietet viele kulturelle Attraktionen und eine ganz besondere Atmosph\u00e4re, Limassol und Larnaca hingegen sind durch ihre Lage direkt am Meer landschaftlich sehr reizvoll. Beide St\u00e4dte sind nur eine Autostunde von der Hauptstadt entfernt.[\/vc_column_text][\/vc_column][\/vc_row][vc_row][vc_column][vc_empty_space height=&#8221;100px&#8221;][\/vc_column][\/vc_row][vc_row][vc_column][vc_column_text]<\/p>\n<h2>Natur<\/h2>\n<p>[\/vc_column_text][\/vc_column][\/vc_row][vc_row][vc_column width=&#8221;6\/12&#8243;][vc_single_image image=&#8221;662&#8243; img_size=&#8221;full&#8221; alignment=&#8221;center&#8221; onclick=&#8221;link_image&#8221;][\/vc_column][vc_column width=&#8221;1\/12&#8243;][\/vc_column][vc_column width=&#8221;5\/12&#8243;][vc_column_text]F\u00fcr alle, die das Sonnenbaden lieben, ist Zypern ein Paradies. Von April bis November, insgesamt 300 Tage im ganzen Jahr, ist es auf Zypern sonnig und warm. Die Temperaturen liegen zwischen 21\u00b0C und 35\u00b0C w\u00e4hrend der Fr\u00fchlings- und Sommermonate. Die Wintermonate sind k\u00fchler und pendeln sich zwischen 6\u00b0C bis 16\u00b0C ein.[\/vc_column_text][\/vc_column][\/vc_row][vc_row][vc_column][vc_column_text]Dies ist nur einer der Gr\u00fcnde, warum die Zyprioten es lieben, ihre Zeit im Freien zu verbringen. Grillen, Strandbesuche, Swimmingpools und sch\u00f6ne Fr\u00fchst\u00fccksg\u00e4rten sind nur einige der Aktivit\u00e4ten, die Einheimische am meisten genie\u00dfen. Die niedrigsten Temperaturen, die auf der Insel herrschen, fallen nicht unter 2-3\u00b0C Grad.[\/vc_column_text][\/vc_column][\/vc_row][vc_row][vc_column width=&#8221;5\/12&#8243;][vc_column_text]Geografisch ist Zypern dem asiatischen Raum zuzuordnen, politisch und kulturell dominiert jedoch der europ\u00e4ische Einfluss, der in den St\u00e4dten deutlich zu sp\u00fcren ist. Zypern bietet seinen Bewohnern die vielf\u00e4ltigste Geographie. Bedeckt von fruchtbarem mediterranem Boden, ist es Heimat f\u00fcr viele einzigartige Pflanzen- und Tierarten. Berge, Ebenen und die weltber\u00fchmten Str\u00e4nde befinden sich in unmittelbarer N\u00e4he zueinander. Der gr\u00f6\u00dfte Berg der Insel ist der Olympos mit 1952m, der sich im Troodos-Gebirge befindet. Die gr\u00fcnen Berge sind hinter Kiefern, \u00c4sten, Zypressen und Zedern versteckt.[\/vc_column_text][\/vc_column][vc_column width=&#8221;1\/12&#8243;][\/vc_column][vc_column width=&#8221;6\/12&#8243;][vc_empty_space height=&#8221;100px&#8221;][vc_single_image image=&#8221;3865&#8243; img_size=&#8221;full&#8221; alignment=&#8221;center&#8221; onclick=&#8221;link_image&#8221;][\/vc_column][\/vc_row][vc_row][vc_column][vc_column_text]\u00dcberhaupt ist die Insel sehr gr\u00fcn: Mit etwa einem F\u00fcnftel Gr\u00fcnfl\u00e4che ist die Natur hier allgegenw\u00e4rtig und schafft eine ruhige und friedliche Atmosph\u00e4re. Neben den Pflanzen und W\u00e4ldern ist auch das Meer ein beliebtes Ziel der Zyprioten. Die Stadt Agia Napa im Osten der Insel ist f\u00fcr den Tourismus von gro\u00dfer Bedeutung. Hier befinden sich 5 der meistbesuchten Str\u00e4nde, wie Fig Tree Bay, die Konnos-Bucht und Nissi-Beach.[\/vc_column_text][\/vc_column][\/vc_row][vc_row][vc_column width=&#8221;6\/12&#8243;][vc_empty_space height=&#8221;64px&#8221;][vc_single_image image=&#8221;3863&#8243; img_size=&#8221;full&#8221; alignment=&#8221;center&#8221; onclick=&#8221;link_image&#8221;][\/vc_column][vc_column width=&#8221;1\/12&#8243;][\/vc_column][vc_column width=&#8221;5\/12&#8243;][vc_column_text]Abgesehen von den Landschaften bietet Zypern auch viele antike Ruinen und alte architektonische und historische Strukturen. Dazu geh\u00f6ren Kato Paphos und das Kourion in Limassol, wo Sie die \u00dcberreste der jahrtausendealten griechischen Architektur der Antike entdecken k\u00f6nnen. Entspannen Sie sich an den H\u00e4fen von Paphos und Limassol oder genie\u00dfen Sie das Leben in den vielen Bars und Restaurants in Nikosia. Fast \u00fcberall auf der Insel k\u00f6nnen Sie das jahrtausendealte Kulturerbe der alten Griechen erleben.[\/vc_column_text][\/vc_column][\/vc_row][vc_row][vc_column][vc_column_text]Die verschiedenen Vogelarten, die die Halbinsel hinaufziehen, und die freilaufenden Esel werden Sie auf dem Weg zum Goldenen Strand begr\u00fc\u00dfen, der als einer der sch\u00f6nsten Str\u00e4nde der Welt gilt. Der golden-schimmernde Sand wird Sie in ein griechisches Epos versetzen, wo Sie umweltfreundliche Bungalows vorfinden und Ihre Zeit inmitten der Natur verbringen k\u00f6nnen. Diese St\u00e4nde sind ein Zuhause f\u00fcr die gesch\u00fctzte Caretta Caretta (eine Meeresschildkr\u00f6tenart), die hier w\u00e4hrend der Brutzeit ihre Eier ablegen.[\/vc_column_text][vc_column_text]Die einladende Natur Nordzyperns ist freundlich, angenehm und erm\u00f6glicht ein einfaches Reisen ohne Angst vor Naturgefahren, gef\u00e4hrlichen Tieren oder Pflanzenarten. Die langen Sommertage sind einfach perfekt f\u00fcr Freizeit und Erkundungen mit Sonnenunterg\u00e4ngen, die so atemberaubend sind, dass Sie keinen davon verpassen wollen.[\/vc_column_text][\/vc_column][\/vc_row][vc_row][vc_column][vc_empty_space height=&#8221;100px&#8221;][\/vc_column][\/vc_row][vc_row][vc_column width=&#8221;5\/12&#8243;][vc_column_text]Die Hauptstadt Nikosia liegt im Herzen der Mesaria-Ebene, die Grenzen ber\u00fchren jede andere gr\u00f6\u00dfere Stadt in Nordzypern und Nikosia ist von einer Sternenbastion umgeben, einer ber\u00fchmten venezianischen Architektur aus der Renaissancezeit. In der Stadtmauer von Nikosia werden Sie auf viele verschiedene kulturelle Architekturen sto\u00dfen: Osmanische B\u00e4der, griechische Agora, venezianische Gasth\u00e4user und viele andere Arten von historischen Orten, die f\u00fcr die moderne \u00c4ra renoviert wurden und gleichzeitig ihre Funktionen behalten haben.[\/vc_column_text][\/vc_column][vc_column width=&#8221;1\/12&#8243;][\/vc_column][vc_column width=&#8221;6\/12&#8243;][vc_empty_space height=&#8221;64px&#8221;][vc_single_image image=&#8221;3867&#8243; img_size=&#8221;full&#8221; alignment=&#8221;center&#8221; onclick=&#8221;link_image&#8221;][\/vc_column][\/vc_row][vc_row][vc_column][vc_column_text]<\/p>\n<h2>Kultur und Geschichte<\/h2>\n<p>[\/vc_column_text][\/vc_column][\/vc_row][vc_row][vc_column width=&#8221;6\/12&#8243;][vc_column_text]Im Laufe seiner Geschichte hat Zypern mehr als 14 gro\u00dfe Zivilisationen beherbergt und dabei ein reiches Erbe mit Traditionen, Gerichten, Sehensw\u00fcrdigkeiten und anderen \u00dcberresten dieser vergangenen Geschichten hinterlassen, die von den modernen Zyprioten heute sehr gesch\u00e4tzt und aufrechterhalten werden und die es zu entdecken gilt.[\/vc_column_text][\/vc_column][vc_column width=&#8221;1\/12&#8243;][\/vc_column][vc_column width=&#8221;5\/12&#8243;][vc_single_image image=&#8221;663&#8243; img_size=&#8221;full&#8221; alignment=&#8221;center&#8221; onclick=&#8221;link_image&#8221;][\/vc_column][\/vc_row][vc_row][vc_column][vc_column_text]Die reiche Geschichte und die gro\u00dfen Kulturen der Vergangenheit haben alle ihre eigenen einzigartigen Spuren in den Gewohnheiten der Zyprioten hinterlassen. \u00c4gypter, die Byzantiner, Mamluken, die franz\u00f6sischen Lusignaner und italienischen Venezianer, um nur einige zu nennen.[\/vc_column_text][\/vc_column][\/vc_row][vc_row][vc_column width=&#8221;6\/12&#8243;][vc_single_image image=&#8221;3862&#8243; img_size=&#8221;full&#8221; alignment=&#8221;center&#8221; onclick=&#8221;link_image&#8221;][\/vc_column][vc_column width=&#8221;1\/12&#8243;][\/vc_column][vc_column width=&#8221;5\/12&#8243;][vc_column_text]Im Jahr 1960 erlangte die Insel ihre Unabh\u00e4ngigkeit von der britischen Herrschaft und es wurde eine einheitliche Regierung mit der griechischen Bev\u00f6lkerung gebildet.[\/vc_column_text][\/vc_column][\/vc_row][vc_row][vc_column][vc_column_text]In den folgenden Jahren f\u00fchrten einige politische Unruhen zum Krieg, der 1974 seinen H\u00f6hepunkt erreichte und damit endete, dass die t\u00fcrkischen Zyprioten 1983 ihre eigene Unabh\u00e4ngigkeit auf der Insel erkl\u00e4rten und die T\u00fcrkische Republik Nordzypern gr\u00fcndeten. Die Friedens- und Wiedervereinigungsgespr\u00e4che sind immer noch im Gange und beide Seiten k\u00e4mpfen f\u00fcr die Einheit. Die Menschen k\u00f6nnen jedoch ohne gro\u00dfe Schwierigkeiten von einer Seite zur anderen wechseln.[\/vc_column_text][\/vc_column][\/vc_row][vc_row][vc_column][vc_column_text]Die Einheimischen verbringen ihre Zeit mit ihren Familien und Freunden, gehen in Caf\u00e9s oder zum Abendessen in die sch\u00f6nen \u00f6rtlichen Tavernen. Die Stadtfeste im Fr\u00fchling sind einen Besuch wert. Jede Stadt bereitet ihre K\u00f6stlichkeiten und Feiern an ihren jeweiligen historischen Orten f\u00fcr ihre G\u00e4ste vor.[\/vc_column_text][\/vc_column][\/vc_row][vc_row][vc_column][vc_empty_space height=&#8221;100px&#8221;][\/vc_column][\/vc_row][vc_row full_width=&#8221;stretch_row_content_no_spaces&#8221;][vc_column][vc_empty_space height=&#8221;100px&#8221;]\n\t\t\t<!-- START Leistungen Eyecatcher REVOLUTION SLIDER 6.7.20 --><p class=\"rs-p-wp-fix\"><\/p>\n\t\t\t<rs-module-wrap id=\"rev_slider_13_1_wrapper\" data-source=\"gallery\" style=\"visibility:hidden;background:transparent;padding:0;\">\n\t\t\t\t<rs-module id=\"rev_slider_13_1\" style=\"\" data-version=\"6.7.20\">\n\t\t\t\t\t<rs-slides style=\"overflow: hidden; position: absolute;\">\n\t\t\t\t\t\t<rs-slide style=\"position: absolute;\" data-key=\"rs-24\" data-title=\"Slide\" data-anim=\"adpr:false;\" data-in=\"o:0;\" data-out=\"a:false;\">\n\t\t\t\t\t\t\t<img decoding=\"async\" src=\"\/\/vastus.ltd\/wp-content\/plugins\/revslider\/sr6\/assets\/assets\/dummy.png\" alt=\"\" title=\"SliderBuchtFull\" width=\"1502\" height=\"1001\" class=\"rev-slidebg tp-rs-img rs-lazyload\" data-lazyload=\"\/\/vastus.ltd\/wp-content\/uploads\/2022\/02\/SliderBuchtFull.jpg\" data-parallax=\"15\" data-no-retina>\n<!---->\t\t\t\t\t<\/rs-slide>\n\t\t\t\t\t<\/rs-slides>\n\t\t\t\t<\/rs-module>\n\t\t\t\t<script>\n\t\t\t\t\tsetREVStartSize({c: 'rev_slider_13_1',rl:[1240,1024,778,480],el:[1280],gw:[1920],gh:[1280],type:'standard',justify:'',layout:'fullscreen',offsetContainer:'',offset:'',mh:\"0\"});if (window.RS_MODULES!==undefined && window.RS_MODULES.modules!==undefined && window.RS_MODULES.modules[\"revslider131\"]!==undefined) {window.RS_MODULES.modules[\"revslider131\"].once = false;window.revapi13 = undefined;if (window.RS_MODULES.checkMinimal!==undefined) window.RS_MODULES.checkMinimal()}\n\t\t\t\t<\/script>\n\t\t\t<\/rs-module-wrap>\n\t\t\t<!-- END REVOLUTION SLIDER -->\n[vc_empty_space height=&#8221;100px&#8221;][\/vc_column][\/vc_row][vc_row][vc_column][vc_column_text]<\/p>\n<h2>Sicherheit<\/h2>\n<p>[\/vc_column_text][\/vc_column][\/vc_row][vc_row][vc_column width=&#8221;6\/12&#8243;][vc_empty_space][vc_single_image image=&#8221;1420&#8243; img_size=&#8221;full&#8221; alignment=&#8221;center&#8221; onclick=&#8221;link_image&#8221;][\/vc_column][vc_column width=&#8221;1\/12&#8243;][\/vc_column][vc_column width=&#8221;5\/12&#8243;][vc_column_text]Einer der Vorteile einer kleinen Bev\u00f6lkerung ist, dass die meisten Menschen kennen. Dies f\u00fchrt zu einer sichereren Gesellschaft mit mehr Ordnung und einer niedrigeren Kriminalit\u00e4tsrate. Diebstahl oder Schmuggel gibt es so gut wie gar nicht, und die Polizei ist in der Lage mit den selten vorkommenden F\u00e4llen umzugehen.[\/vc_column_text][\/vc_column][\/vc_row][vc_row][vc_column][vc_column_text]Die Zyprioten sind eine sehr einladende Bev\u00f6lkerung f\u00fcr Menschen aus den unterschiedlichsten Herk\u00fcnften. Nordzypern beherbergt bereits Tausende von Menschen aus Gro\u00dfbritannien, Skandinavien, Russland, der T\u00fcrkei, sowie Studenten aus der ganzen Welt. Es gibt praktisch keine F\u00e4lle, die aufgrund von Diskriminierung gemeldet werden.[\/vc_column_text][\/vc_column][\/vc_row][vc_row][vc_column][vc_empty_space height=&#8221;200px&#8221;][\/vc_column][\/vc_row][vc_row][vc_column width=&#8221;1\/6&#8243;][\/vc_column][vc_column width=&#8221;2\/3&#8243;][contact-form-7 id=&#8221;569&#8243;][\/vc_column][vc_column width=&#8221;1\/6&#8243;][\/vc_column][\/vc_row]<\/p>\n<\/div>","protected":false},"excerpt":{"rendered":"<p>[vc_row][vc_column][vc_column_text] Zypern [\/vc_column_text][vc_column_text] Lage [\/vc_column_text][\/vc_column][\/vc_row][vc_row][vc_column width=&#8221;6\/12&#8243;][vc_column_text]Im Herzen des \u00f6stlichen Mittelmeers, angrenzend an die T\u00fcrkei, den Libanon, Israel, \u00c4gypten und Griechenland, liegt das kleine Juwel, die Insel Zypern. Hier begegnen sich asiatische, europ\u00e4ische und nordafrikanische Welten. Sie ist neben Sizilien und Sardinien eine der drei gr\u00f6\u00dften Inseln im Mittelmeer und umfasst 9.251 km\u00b2. Die Insel ist&hellip;<\/p>\n","protected":false},"author":1,"featured_media":0,"parent":0,"menu_order":0,"comment_status":"closed","ping_status":"closed","template":"","meta":{"_joinchat":[],"footnotes":""},"class_list":["post-1114","page","type-page","status-publish","hentry","description-off"],"translation":{"provider":"WPGlobus","version":"3.0.0","language":"de","enabled_languages":["en","de"],"languages":{"en":{"title":true,"content":true,"excerpt":false},"de":{"title":true,"content":true,"excerpt":false}}},"yoast_head":"<!-- This site is optimized with the Yoast SEO plugin v23.8 - https:\/\/yoast.com\/wordpress\/plugins\/seo\/ -->\n<title>Entdecken Sie die Landschaft Zyperns als Ihr neues Zuhause!<\/title>\n<meta name=\"description\" content=\"Zypern verbindet Kultur und Erholung. Finden Sie in mitten der Natur und in Strandn\u00e4he Ihre Traum-Immobilie.\" \/>\n<meta name=\"robots\" content=\"index, follow, max-snippet:-1, max-image-preview:large, max-video-preview:-1\" \/>\n<link rel=\"canonical\" href=\"https:\/\/vastus.ltd\/cyprus\/\" \/>\n<meta property=\"og:locale\" content=\"de_DE\" \/>\n<meta property=\"og:type\" content=\"article\" \/>\n<meta property=\"og:title\" content=\"Entdecken Sie die Landschaft Zyperns als Ihr neues Zuhause!\" \/>\n<meta property=\"og:description\" content=\"Zypern verbindet Kultur und Erholung. Finden Sie in mitten der Natur und in Strandn\u00e4he Ihre Traum-Immobilie.\" \/>\n<meta property=\"og:url\" content=\"https:\/\/vastus.ltd\/cyprus\/\" \/>\n<meta property=\"og:site_name\" content=\"Vastus Ltd.\" \/>\n<meta property=\"article:modified_time\" content=\"2022-02-10T10:49:40+00:00\" \/>\n<meta name=\"twitter:card\" content=\"summary_large_image\" \/>\n<meta name=\"twitter:label1\" content=\"Gesch\u00e4tzte Lesezeit\" \/>\n\t<meta name=\"twitter:data1\" content=\"5\u00a0Minuten\" \/>\n<script type=\"application\/ld+json\" class=\"yoast-schema-graph\">{\"@context\":\"https:\/\/schema.org\",\"@graph\":[{\"@type\":\"WebPage\",\"@id\":\"https:\/\/vastus.ltd\/cyprus\/\",\"url\":\"https:\/\/vastus.ltd\/cyprus\/\",\"name\":\"Why you should choose Cyprus as your new home\",\"isPartOf\":{\"@id\":\"https:\/\/vastus.ltd\/#website\"},\"datePublished\":\"2021-02-17T10:46:39+00:00\",\"dateModified\":\"2022-02-10T10:49:40+00:00\",\"description\":\"Zypern verbindet Kultur und Erholung. Finden Sie in mitten der Natur und in Strandn\u00e4he Ihre Traum-Immobilie.\",\"breadcrumb\":{\"@id\":\"https:\/\/vastus.ltd\/cyprus\/#breadcrumb\"},\"inLanguage\":\"de\",\"potentialAction\":[{\"@type\":\"ReadAction\",\"target\":[\"https:\/\/vastus.ltd\/cyprus\/\"]}]},{\"@type\":\"BreadcrumbList\",\"@id\":\"https:\/\/vastus.ltd\/cyprus\/#breadcrumb\",\"itemListElement\":[{\"@type\":\"ListItem\",\"position\":1,\"name\":\"Startseite\",\"item\":\"https:\/\/vastus.ltd\/\"},{\"@type\":\"ListItem\",\"position\":2,\"name\":\"Cyprus\"}]},{\"@type\":\"WebSite\",\"@id\":\"https:\/\/vastus.ltd\/#website\",\"url\":\"https:\/\/vastus.ltd\/\",\"name\":\"Vastus Ltd.\",\"description\":\"\",\"potentialAction\":[{\"@type\":\"SearchAction\",\"target\":{\"@type\":\"EntryPoint\",\"urlTemplate\":\"https:\/\/vastus.ltd\/?s={search_term_string}\"},\"query-input\":{\"@type\":\"PropertyValueSpecification\",\"valueRequired\":true,\"valueName\":\"search_term_string\"}}],\"inLanguage\":\"de\"}]}<\/script>\n<!-- \/ Yoast SEO plugin. -->","yoast_head_json":{"title":"Entdecken Sie die Landschaft Zyperns als Ihr neues Zuhause!","description":"Zypern verbindet Kultur und Erholung. Finden Sie in mitten der Natur und in Strandn\u00e4he Ihre Traum-Immobilie.","robots":{"index":"index","follow":"follow","max-snippet":"max-snippet:-1","max-image-preview":"max-image-preview:large","max-video-preview":"max-video-preview:-1"},"canonical":"https:\/\/vastus.ltd\/cyprus\/","og_locale":"de_DE","og_type":"article","og_title":"Entdecken Sie die Landschaft Zyperns als Ihr neues Zuhause!","og_description":"Zypern verbindet Kultur und Erholung. Finden Sie in mitten der Natur und in Strandn\u00e4he Ihre Traum-Immobilie.","og_url":"https:\/\/vastus.ltd\/cyprus\/","og_site_name":"Vastus Ltd.","article_modified_time":"2022-02-10T10:49:40+00:00","twitter_card":"summary_large_image","twitter_misc":{"Gesch\u00e4tzte Lesezeit":"5\u00a0Minuten"},"schema":{"@context":"https:\/\/schema.org","@graph":[{"@type":"WebPage","@id":"https:\/\/vastus.ltd\/cyprus\/","url":"https:\/\/vastus.ltd\/cyprus\/","name":"Why you should choose Cyprus as your new home","isPartOf":{"@id":"https:\/\/vastus.ltd\/#website"},"datePublished":"2021-02-17T10:46:39+00:00","dateModified":"2022-02-10T10:49:40+00:00","description":"Zypern verbindet Kultur und Erholung. Finden Sie in mitten der Natur und in Strandn\u00e4he Ihre Traum-Immobilie.","breadcrumb":{"@id":"https:\/\/vastus.ltd\/cyprus\/#breadcrumb"},"inLanguage":"de","potentialAction":[{"@type":"ReadAction","target":["https:\/\/vastus.ltd\/cyprus\/"]}]},{"@type":"BreadcrumbList","@id":"https:\/\/vastus.ltd\/cyprus\/#breadcrumb","itemListElement":[{"@type":"ListItem","position":1,"name":"Startseite","item":"https:\/\/vastus.ltd\/"},{"@type":"ListItem","position":2,"name":"Cyprus"}]},{"@type":"WebSite","@id":"https:\/\/vastus.ltd\/#website","url":"https:\/\/vastus.ltd\/","name":"Vastus Ltd.","description":"","potentialAction":[{"@type":"SearchAction","target":{"@type":"EntryPoint","urlTemplate":"https:\/\/vastus.ltd\/?s={search_term_string}"},"query-input":{"@type":"PropertyValueSpecification","valueRequired":true,"valueName":"search_term_string"}}],"inLanguage":"de"}]}},"_links":{"self":[{"href":"https:\/\/vastus.ltd\/de\/wp-json\/wp\/v2\/pages\/1114","targetHints":{"allow":["GET"]}}],"collection":[{"href":"https:\/\/vastus.ltd\/de\/wp-json\/wp\/v2\/pages"}],"about":[{"href":"https:\/\/vastus.ltd\/de\/wp-json\/wp\/v2\/types\/page"}],"author":[{"embeddable":true,"href":"https:\/\/vastus.ltd\/de\/wp-json\/wp\/v2\/users\/1"}],"replies":[{"embeddable":true,"href":"https:\/\/vastus.ltd\/de\/wp-json\/wp\/v2\/comments?post=1114"}],"version-history":[{"count":46,"href":"https:\/\/vastus.ltd\/de\/wp-json\/wp\/v2\/pages\/1114\/revisions"}],"predecessor-version":[{"id":3877,"href":"https:\/\/vastus.ltd\/de\/wp-json\/wp\/v2\/pages\/1114\/revisions\/3877"}],"wp:attachment":[{"href":"https:\/\/vastus.ltd\/de\/wp-json\/wp\/v2\/media?parent=1114"}],"curies":[{"name":"wp","href":"https:\/\/api.w.org\/{rel}","templated":true}]}}